{"id":10619,"date":"2025-01-14T11:21:09","date_gmt":"2025-01-14T10:21:09","guid":{"rendered":"https:\/\/carilloncapital.net\/?page_id=10619"},"modified":"2025-04-13T15:41:05","modified_gmt":"2025-04-13T13:41:05","slug":"log-in","status":"publish","type":"page","link":"https:\/\/carilloncapital.net\/index.php\/log-in\/","title":{"rendered":"Log in"},"content":{"rendered":"\t\t<div data-elementor-type=\"wp-page\" data-elementor-id=\"10619\" class=\"elementor elementor-10619\" data-elementor-post-type=\"page\">\n\t\t\t\t<div class=\"elementor-element elementor-element-85c5874 e-flex e-con-boxed e-con e-parent\" data-id=\"85c5874\" data-element_type=\"container\" data-settings=\"{&quot;background_background&quot;:&quot;slideshow&quot;,&quot;background_slideshow_gallery&quot;:[{&quot;id&quot;:12577,&quot;url&quot;:&quot;https:\\\/\\\/carilloncapital.net\\\/wp-content\\\/uploads\\\/2025\\\/03\\\/ganapathy-kumar-n4VMQZIkgDg-unsplash-scaled.jpg&quot;}],&quot;background_slideshow_loop&quot;:&quot;yes&quot;,&quot;background_slideshow_slide_duration&quot;:5000,&quot;background_slideshow_slide_transition&quot;:&quot;fade&quot;,&quot;background_slideshow_transition_duration&quot;:500}\">\n\t\t\t\t\t<div class=\"e-con-inner\">\n\t\t\t\t<div class=\"elementor-element elementor-element-c42e324 elementor-widget elementor-widget-heading\" data-id=\"c42e324\" data-element_type=\"widget\" data-widget_type=\"heading.default\">\n\t\t\t\t<div class=\"elementor-widget-container\">\n\t\t\t\t\t<h2 class=\"elementor-heading-title elementor-size-default\">Bienvenue chez Carillon <\/h2>\t\t\t\t<\/div>\n\t\t\t\t<\/div>\n\t\t\t\t\t<\/div>\n\t\t\t\t<\/div>\n\t\t<div class=\"elementor-element elementor-element-6c78fcc e-flex e-con-boxed e-con e-parent\" data-id=\"6c78fcc\" data-element_type=\"container\" data-settings=\"{&quot;background_background&quot;:&quot;classic&quot;}\">\n\t\t\t\t\t<div class=\"e-con-inner\">\n\t\t<div class=\"elementor-element elementor-element-c121779 e-con-full e-flex e-con e-child\" data-id=\"c121779\" data-element_type=\"container\">\n\t\t<div class=\"elementor-element elementor-element-4e4810f e-flex e-con-boxed e-con e-child\" data-id=\"4e4810f\" data-element_type=\"container\">\n\t\t\t\t\t<div class=\"e-con-inner\">\n\t\t\t\t<div class=\"elementor-element elementor-element-a80a713 elementor-widget elementor-widget-heading\" data-id=\"a80a713\" data-element_type=\"widget\" data-widget_type=\"heading.default\">\n\t\t\t\t<div class=\"elementor-widget-container\">\n\t\t\t\t\t<h2 class=\"elementor-heading-title elementor-size-default\">Pour acc\u00e9der \u00e0 nos collections et \u00e0 nos projets d'investissements <\/h2>\t\t\t\t<\/div>\n\t\t\t\t<\/div>\n\t\t\t\t\t<\/div>\n\t\t\t\t<\/div>\n\t\t<div class=\"elementor-element elementor-element-e45cb81 e-con-full e-flex e-con e-child\" data-id=\"e45cb81\" data-element_type=\"container\">\n\t\t\t\t<div class=\"elementor-element elementor-element-0fc4795 elementor-widget elementor-widget-heading\" data-id=\"0fc4795\" data-element_type=\"widget\" data-widget_type=\"heading.default\">\n\t\t\t\t<div class=\"elementor-widget-container\">\n\t\t\t\t\t<h2 class=\"elementor-heading-title elementor-size-default\">Connectez vous<\/h2>\t\t\t\t<\/div>\n\t\t\t\t<\/div>\n\t\t\t\t<div class=\"elementor-element elementor-element-f825590 elementor-widget elementor-widget-heading\" data-id=\"f825590\" data-element_type=\"widget\" data-widget_type=\"heading.default\">\n\t\t\t\t<div class=\"elementor-widget-container\">\n\t\t\t\t\t<h2 class=\"elementor-heading-title elementor-size-default\">ou<\/h2>\t\t\t\t<\/div>\n\t\t\t\t<\/div>\n\t\t\t\t<div class=\"elementor-element elementor-element-c26ad05 elementor-widget elementor-widget-heading\" data-id=\"c26ad05\" data-element_type=\"widget\" data-widget_type=\"heading.default\">\n\t\t\t\t<div class=\"elementor-widget-container\">\n\t\t\t\t\t<h2 class=\"elementor-heading-title elementor-size-default\"><a href=\"https:\/\/carilloncapital.net\/index.php\/inscription\/\">Cr\u00e9ez votre compte<\/a><\/h2>\t\t\t\t<\/div>\n\t\t\t\t<\/div>\n\t\t\t\t<\/div>\n\t\t\t\t<\/div>\n\t\t<div class=\"elementor-element elementor-element-a220b5b e-con-full e-flex e-con e-child\" data-id=\"a220b5b\" data-element_type=\"container\" data-settings=\"{&quot;background_background&quot;:&quot;classic&quot;}\">\n\t\t\t\t<div class=\"elementor-element elementor-element-2ba511e elementor-button-align-stretch elementor-widget elementor-widget-login\" data-id=\"2ba511e\" data-element_type=\"widget\" data-widget_type=\"login.default\">\n\t\t\t\t<div class=\"elementor-widget-container\">\n\t\t\t\t\t\t\t<form class=\"elementor-login elementor-form\" method=\"post\" action=\"https:\/\/carilloncapital.net\/wp-login.php\">\n\t\t\t<input type=\"hidden\" name=\"redirect_to\" value=\"https:\/\/carilloncapital.net\/index.php\/portfolio-elementor\/\">\n\t\t\t<div class=\"elementor-form-fields-wrapper\">\n\t\t\t\t<div class=\"elementor-field-type-text elementor-field-group elementor-column elementor-col-100 elementor-field-required\">\n\t\t\t\t\t<label for=\"user-2ba511e\" class=\"elementor-field-label\">Identifiant ou adresse e-mail<\/label>\n\t\t\t\t\t<input size=\"1\" type=\"text\" name=\"log\" id=\"user-2ba511e\" placeholder=\"\" class=\"elementor-field elementor-field-textual elementor-size-sm\">\n\t\t\t\t<\/div>\n\t\t\t\t<div class=\"elementor-field-type-text elementor-field-group elementor-column elementor-col-100 elementor-field-required\">\n\t\t\t\t\t<label for=\"password-2ba511e\" class=\"elementor-field-label\">Mot de passe<\/label>\n\t\t\t\t\t<input size=\"1\" type=\"password\" name=\"pwd\" id=\"password-2ba511e\" placeholder=\"\" class=\"elementor-field elementor-field-textual elementor-size-sm\">\n\t\t\t\t<\/div>\n\n\t\t\t\t\t\t\t\t\t<div class=\"elementor-field-type-checkbox elementor-field-group elementor-column elementor-col-100 elementor-remember-me\">\n\t\t\t\t\t\t<label for=\"elementor-login-remember-me\">\n\t\t\t\t\t\t\t<input type=\"checkbox\" id=\"elementor-login-remember-me\" name=\"rememberme\" value=\"forever\">\n\t\t\t\t\t\t\tSe souvenir de moi\t\t\t\t\t\t<\/label>\n\t\t\t\t\t<\/div>\n\t\t\t\t\n\t\t\t\t<div class=\"elementor-field-group elementor-column elementor-field-type-submit elementor-col-100\">\n\t\t\t\t\t<button type=\"submit\" class=\"elementor-size-md elementor-button\" name=\"wp-submit\">\n\t\t\t\t\t\t\t\t\t\t\t\t\t\t\t<span class=\"elementor-button-text\">Se Connecter<\/span>\n\t\t\t\t\t\t\t\t\t\t\t\t<\/button>\n\t\t\t\t<\/div>\n\n\t\t\t\t\t\t\t\t\t<div class=\"elementor-field-group elementor-column elementor-col-100\">\n\t\t\t\t\t\t\t\t\t\t\t\t\t\t\t\t\t\t\t\t<a class=\"elementor-lost-password\" href=\"https:\/\/carilloncapital.net\/wp-login.php?action=lostpassword&redirect_to=https%3A%2F%2Fcarilloncapital.net%2Findex.php%2Fportfolio-elementor%2F\">\n\t\t\t\t\t\t\t\tMot de passe perdu\u00a0?\t\t\t\t\t\t\t<\/a>\n\t\t\t\t\t\t\n\t\t\t\t\t\t\t\t\t\t\t<\/div>\n\t\t\t\t\t\t\t<\/div>\n\t\t<\/form>\n\t\t\t\t\t\t<\/div>\n\t\t\t\t<\/div>\n\t\t\t\t<\/div>\n\t\t\t\t\t<\/div>\n\t\t\t\t<\/div>\n\t\t<div class=\"elementor-element elementor-element-ad39d11 elementor-hidden-tablet elementor-hidden-mobile e-flex e-con-boxed e-con e-parent\" data-id=\"ad39d11\" data-element_type=\"container\" data-settings=\"{&quot;background_background&quot;:&quot;classic&quot;}\">\n\t\t\t\t\t<div class=\"e-con-inner\">\n\t\t\t\t<div class=\"elementor-element elementor-element-cdef257 elementor-widget-divider--view-line elementor-widget elementor-widget-divider\" data-id=\"cdef257\" data-element_type=\"widget\" data-widget_type=\"divider.default\">\n\t\t\t\t<div class=\"elementor-widget-container\">\n\t\t\t\t\t\t\t<div class=\"elementor-divider\">\n\t\t\t<span class=\"elementor-divider-separator\">\n\t\t\t\t\t\t<\/span>\n\t\t<\/div>\n\t\t\t\t\t\t<\/div>\n\t\t\t\t<\/div>\n\t\t\t\t\t<\/div>\n\t\t\t\t<\/div>\n\t\t\t\t<\/div>\n\t\t","protected":false},"excerpt":{"rendered":"<p>Bienvenue chez Carillon Pour acc\u00e9der \u00e0 nos collections et \u00e0 nos projets d&rsquo;investissements Connectez vous ou Cr\u00e9ez votre compte<\/p>\n","protected":false},"author":1,"featured_media":0,"parent":0,"menu_order":0,"comment_status":"closed","ping_status":"closed","template":"page-templates\/full-width-builder-bb.php","meta":{"inspiro_page_layout":"narrow","inspiro_hide_title":false,"footnotes":""},"class_list":["post-10619","page","type-page","status-publish","hentry"],"featured_media_urls":[],"_links":{"self":[{"href":"https:\/\/carilloncapital.net\/index.php\/wp-json\/wp\/v2\/pages\/10619","targetHints":{"allow":["GET"]}}],"collection":[{"href":"https:\/\/carilloncapital.net\/index.php\/wp-json\/wp\/v2\/pages"}],"about":[{"href":"https:\/\/carilloncapital.net\/index.php\/wp-json\/wp\/v2\/types\/page"}],"author":[{"embeddable":true,"href":"https:\/\/carilloncapital.net\/index.php\/wp-json\/wp\/v2\/users\/1"}],"replies":[{"embeddable":true,"href":"https:\/\/carilloncapital.net\/index.php\/wp-json\/wp\/v2\/comments?post=10619"}],"version-history":[{"count":418,"href":"https:\/\/carilloncapital.net\/index.php\/wp-json\/wp\/v2\/pages\/10619\/revisions"}],"predecessor-version":[{"id":15076,"href":"https:\/\/carilloncapital.net\/index.php\/wp-json\/wp\/v2\/pages\/10619\/revisions\/15076"}],"wp:attachment":[{"href":"https:\/\/carilloncapital.net\/index.php\/wp-json\/wp\/v2\/media?parent=10619"}],"curies":[{"name":"wp","href":"https:\/\/api.w.org\/{rel}","templated":true}]}}