{"id":6486,"date":"2016-12-05T09:17:34","date_gmt":"2016-12-05T09:17:34","guid":{"rendered":"http:\/\/carilld.cluster029.hosting.ovh.net\/index.php\/about-2-2\/"},"modified":"2025-04-13T15:39:19","modified_gmt":"2025-04-13T13:39:19","slug":"about-2-2","status":"publish","type":"page","link":"https:\/\/carilloncapital.net\/index.php\/about-2-2\/","title":{"rendered":"\u00c0 propos"},"content":{"rendered":"\t\t<div data-elementor-type=\"wp-page\" data-elementor-id=\"6486\" class=\"elementor elementor-6486\" data-elementor-post-type=\"page\">\n\t\t\t\t<div class=\"elementor-element elementor-element-668ae00 e-flex e-con-boxed e-con e-parent\" data-id=\"668ae00\" data-element_type=\"container\">\n\t\t\t\t\t<div class=\"e-con-inner\">\n\t\t\t\t<div class=\"elementor-element elementor-element-3d2dd41 elementor-widget elementor-widget-heading\" data-id=\"3d2dd41\" data-element_type=\"widget\" data-widget_type=\"heading.default\">\n\t\t\t\t<div class=\"elementor-widget-container\">\n\t\t\t\t\t<h2 class=\"elementor-heading-title elementor-size-default\">\u00e0 propos<\/h2>\t\t\t\t<\/div>\n\t\t\t\t<\/div>\n\t\t\t\t\t<\/div>\n\t\t\t\t<\/div>\n\t\t<div class=\"elementor-element elementor-element-b495295 e-flex e-con-boxed e-con e-parent\" data-id=\"b495295\" data-element_type=\"container\">\n\t\t\t\t\t<div class=\"e-con-inner\">\n\t\t\t\t<div class=\"elementor-element elementor-element-c5fc48c elementor-widget-divider--view-line elementor-widget elementor-widget-divider\" data-id=\"c5fc48c\" data-element_type=\"widget\" data-widget_type=\"divider.default\">\n\t\t\t\t<div class=\"elementor-widget-container\">\n\t\t\t\t\t\t\t<div class=\"elementor-divider\">\n\t\t\t<span class=\"elementor-divider-separator\">\n\t\t\t\t\t\t<\/span>\n\t\t<\/div>\n\t\t\t\t\t\t<\/div>\n\t\t\t\t<\/div>\n\t\t\t\t\t<\/div>\n\t\t\t\t<\/div>\n\t\t<div class=\"elementor-element elementor-element-72b9d42 e-flex e-con-boxed e-con e-parent\" data-id=\"72b9d42\" data-element_type=\"container\">\n\t\t\t\t\t<div class=\"e-con-inner\">\n\t\t\t\t<div class=\"elementor-element elementor-element-41f7d6c elementor-widget elementor-widget-text-editor\" data-id=\"41f7d6c\" data-element_type=\"widget\" data-widget_type=\"text-editor.default\">\n\t\t\t\t<div class=\"elementor-widget-container\">\n\t\t\t\t\t\t\t\t\t<p class=\"p1\">Carillon Capital, cr\u00e9e, structure et d\u00e9veloppe des opportunit\u00e9s exceptionnelles d\u2019investissements en s\u00e9lectionnant des biens immobiliers sp\u00e9cifiques dans l&rsquo;objectif d&rsquo;obtenir le meilleur couple capital \/ rendement et une valorisation optimale. Les investissements Carillon Capital, constituent une alternative robuste au march\u00e9 immobilier standard.<\/p><ul><li class=\"p1\"><span style=\"letter-spacing: 0px;\">Les investissements Carillon ont une valeur intrins\u00e8que \u00e9vidente en raison de leur raret\u00e9 et de leur aspect unique.<\/span><\/li><li class=\"p1\"><span style=\"letter-spacing: 0px;\">Ils jouissent d\u2019une position privil\u00e9gi\u00e9e et \u00e9voluent sur un march\u00e9 \u00e0 part enti\u00e8re et \u00e0 forte valeur ajout\u00e9e.<\/span><\/li><li class=\"p1\"><span style=\"letter-spacing: 0px;\">Ils sont d\u00e9velopp\u00e9s et structur\u00e9s pour la s\u00e9curit\u00e9 qu\u2019ils procurent et g\u00e9r\u00e9s pour gagner en rentabilit\u00e9 .<\/span><\/li><\/ul><p class=\"p1\">Bas\u00e9 \u00e0 Gen\u00e8ve, Miami et Hong Kong, Carillon Capital r\u00e9alise des acquisitions et g\u00e8re un portefeuille d\u2019actifs parmi les plus convoit\u00e9s sur les march\u00e9s de l\u2019immobilier situ\u00e9s en Europe, aux Etats Unis, en Am\u00e9rique latine, en Asie et en Afrique. En lien constant avec la plupart des op\u00e9rateurs et des interm\u00e9diaires ou des propri\u00e9taires dans le monde Carillon Capital d\u00e9veloppe et structure toutes les typologies d\u2019op\u00e9rations qu\u2019elle propose aux investisseurs professionnels ou priv\u00e9s.<\/p>\t\t\t\t\t\t\t\t<\/div>\n\t\t\t\t<\/div>\n\t\t\t\t\t<\/div>\n\t\t\t\t<\/div>\n\t\t<div class=\"elementor-element elementor-element-f9e0f98 e-flex e-con-boxed e-con e-parent\" data-id=\"f9e0f98\" data-element_type=\"container\" data-settings=\"{&quot;background_background&quot;:&quot;classic&quot;}\">\n\t\t\t\t\t<div class=\"e-con-inner\">\n\t\t<div class=\"elementor-element elementor-element-0503238 e-con-full e-flex e-con e-child\" data-id=\"0503238\" data-element_type=\"container\">\n\t\t\t\t<div class=\"elementor-element elementor-element-fd0ca00 elementor-widget elementor-widget-heading\" data-id=\"fd0ca00\" data-element_type=\"widget\" data-widget_type=\"heading.default\">\n\t\t\t\t<div class=\"elementor-widget-container\">\n\t\t\t\t\t<h2 class=\"elementor-heading-title elementor-size-default\">Posez votre question<\/h2>\t\t\t\t<\/div>\n\t\t\t\t<\/div>\n\t\t\t\t<\/div>\n\t\t<div class=\"elementor-element elementor-element-62b7968 e-con-full e-flex e-con e-child\" data-id=\"62b7968\" data-element_type=\"container\">\n\t\t\t\t<div class=\"elementor-element elementor-element-b71bf90 elementor-widget elementor-widget-heading\" data-id=\"b71bf90\" data-element_type=\"widget\" data-widget_type=\"heading.default\">\n\t\t\t\t<div class=\"elementor-widget-container\">\n\t\t\t\t\t<h2 class=\"elementor-heading-title elementor-size-default\">Notre sp\u00e9cialiste vous r\u00e9pond <\/h2>\t\t\t\t<\/div>\n\t\t\t\t<\/div>\n\t\t\t\t<\/div>\n\t\t<div class=\"elementor-element elementor-element-e95e402 e-con-full e-flex e-con e-child\" data-id=\"e95e402\" data-element_type=\"container\">\n\t\t\t\t<div class=\"elementor-element elementor-element-e699cde elementor-align-center elementor-widget elementor-widget-button\" data-id=\"e699cde\" data-element_type=\"widget\" data-widget_type=\"button.default\">\n\t\t\t\t<div class=\"elementor-widget-container\">\n\t\t\t\t\t\t\t\t\t<div class=\"elementor-button-wrapper\">\n\t\t\t\t\t<a class=\"elementor-button elementor-button-link elementor-size-md\" href=\"https:\/\/carilloncapital.net\/index.php\/contact\/\">\n\t\t\t\t\t\t<span class=\"elementor-button-content-wrapper\">\n\t\t\t\t\t\t\t\t\t<span class=\"elementor-button-text\">Contactez-nous<\/span>\n\t\t\t\t\t<\/span>\n\t\t\t\t\t<\/a>\n\t\t\t\t<\/div>\n\t\t\t\t\t\t\t\t<\/div>\n\t\t\t\t<\/div>\n\t\t\t\t<\/div>\n\t\t\t\t\t<\/div>\n\t\t\t\t<\/div>\n\t\t<div class=\"elementor-element elementor-element-a919a40 e-con-full e-flex e-con e-parent\" data-id=\"a919a40\" data-element_type=\"container\" data-settings=\"{&quot;background_background&quot;:&quot;classic&quot;}\">\n\t\t\t\t<div class=\"elementor-element elementor-element-7a249d7 elementor-widget-divider--view-line elementor-widget elementor-widget-divider\" data-id=\"7a249d7\" data-element_type=\"widget\" data-widget_type=\"divider.default\">\n\t\t\t\t<div class=\"elementor-widget-container\">\n\t\t\t\t\t\t\t<div class=\"elementor-divider\">\n\t\t\t<span class=\"elementor-divider-separator\">\n\t\t\t\t\t\t<\/span>\n\t\t<\/div>\n\t\t\t\t\t\t<\/div>\n\t\t\t\t<\/div>\n\t\t\t\t<\/div>\n\t\t\t\t<\/div>\n\t\t","protected":false},"excerpt":{"rendered":"<p>\u00e0 propos Carillon Capital, cr\u00e9e, structure et d\u00e9veloppe des opportunit\u00e9s exceptionnelles d\u2019investissements en s\u00e9lectionnant des biens immobiliers sp\u00e9cifiques dans l&rsquo;objectif d&rsquo;obtenir le meilleur couple capital \/ rendement et une valorisation optimale. Les investissements Carillon Capital, constituent une alternative robuste au march\u00e9 immobilier standard. Les investissements Carillon ont une valeur intrins\u00e8que \u00e9vidente en raison de leur raret\u00e9 et de leur aspect unique. Ils jouissent d\u2019une position privil\u00e9gi\u00e9e et \u00e9voluent sur un march\u00e9 \u00e0 part enti\u00e8re et [&hellip;]<\/p>\n","protected":false},"author":1,"featured_media":0,"parent":0,"menu_order":0,"comment_status":"closed","ping_status":"closed","template":"page-templates\/full-width-builder-bb.php","meta":{"inspiro_page_layout":"narrow","inspiro_hide_title":false,"footnotes":""},"class_list":["post-6486","page","type-page","status-publish","hentry"],"featured_media_urls":[],"_links":{"self":[{"href":"https:\/\/carilloncapital.net\/index.php\/wp-json\/wp\/v2\/pages\/6486","targetHints":{"allow":["GET"]}}],"collection":[{"href":"https:\/\/carilloncapital.net\/index.php\/wp-json\/wp\/v2\/pages"}],"about":[{"href":"https:\/\/carilloncapital.net\/index.php\/wp-json\/wp\/v2\/types\/page"}],"author":[{"embeddable":true,"href":"https:\/\/carilloncapital.net\/index.php\/wp-json\/wp\/v2\/users\/1"}],"replies":[{"embeddable":true,"href":"https:\/\/carilloncapital.net\/index.php\/wp-json\/wp\/v2\/comments?post=6486"}],"version-history":[{"count":495,"href":"https:\/\/carilloncapital.net\/index.php\/wp-json\/wp\/v2\/pages\/6486\/revisions"}],"predecessor-version":[{"id":15070,"href":"https:\/\/carilloncapital.net\/index.php\/wp-json\/wp\/v2\/pages\/6486\/revisions\/15070"}],"wp:attachment":[{"href":"https:\/\/carilloncapital.net\/index.php\/wp-json\/wp\/v2\/media?parent=6486"}],"curies":[{"name":"wp","href":"https:\/\/api.w.org\/{rel}","templated":true}]}}