{"id":9402,"date":"2024-12-09T14:27:57","date_gmt":"2024-12-09T13:27:57","guid":{"rendered":"https:\/\/carilloncapital.net\/?page_id=9402"},"modified":"2025-04-13T15:37:53","modified_gmt":"2025-04-13T13:37:53","slug":"collections","status":"publish","type":"page","link":"https:\/\/carilloncapital.net\/index.php\/collections\/","title":{"rendered":"Collections"},"content":{"rendered":"\t\t<div data-elementor-type=\"wp-page\" data-elementor-id=\"9402\" class=\"elementor elementor-9402\" data-elementor-post-type=\"page\">\n\t\t\t\t<div class=\"elementor-element elementor-element-850ac97 e-flex e-con-boxed e-con e-parent\" data-id=\"850ac97\" data-element_type=\"container\">\n\t\t\t\t\t<div class=\"e-con-inner\">\n\t\t\t\t<div class=\"elementor-element elementor-element-8b86d7f elementor-widget elementor-widget-heading\" data-id=\"8b86d7f\" data-element_type=\"widget\" data-widget_type=\"heading.default\">\n\t\t\t\t<div class=\"elementor-widget-container\">\n\t\t\t\t\t<h2 class=\"elementor-heading-title elementor-size-default\">Nos Collections<\/h2>\t\t\t\t<\/div>\n\t\t\t\t<\/div>\n\t\t\t\t\t<\/div>\n\t\t\t\t<\/div>\n\t\t<div class=\"elementor-element elementor-element-66f88f4 e-flex e-con-boxed e-con e-parent\" data-id=\"66f88f4\" data-element_type=\"container\">\n\t\t\t\t\t<div class=\"e-con-inner\">\n\t\t\t\t<div class=\"elementor-element elementor-element-3ea7af4 elementor-widget-divider--view-line elementor-widget elementor-widget-divider\" data-id=\"3ea7af4\" data-element_type=\"widget\" data-widget_type=\"divider.default\">\n\t\t\t\t<div class=\"elementor-widget-container\">\n\t\t\t\t\t\t\t<div class=\"elementor-divider\">\n\t\t\t<span class=\"elementor-divider-separator\">\n\t\t\t\t\t\t<\/span>\n\t\t<\/div>\n\t\t\t\t\t\t<\/div>\n\t\t\t\t<\/div>\n\t\t\t\t\t<\/div>\n\t\t\t\t<\/div>\n\t\t<div class=\"elementor-element elementor-element-43d6dd1 e-flex e-con-boxed e-con e-parent\" data-id=\"43d6dd1\" data-element_type=\"container\" data-settings=\"{&quot;background_background&quot;:&quot;classic&quot;}\">\n\t\t\t\t\t<div class=\"e-con-inner\">\n\t\t\t\t<div class=\"elementor-element elementor-element-3a3d90d elementor-widget elementor-widget-text-editor\" data-id=\"3a3d90d\" data-element_type=\"widget\" data-widget_type=\"text-editor.default\">\n\t\t\t\t<div class=\"elementor-widget-container\">\n\t\t\t\t\t\t\t\t\t<p class=\"p1\">Nous proposons une s\u00e9lection exclusive de biens immobiliers de luxe, situ\u00e9s dans les zones les plus dynamiques du march\u00e9 haut de gamme : stations baln\u00e9aires \u00e0 fort potentiel locatif et stations de ski pris\u00e9es \u00e0 l\u2019ann\u00e9e.<\/p>\t\t\t\t\t\t\t\t<\/div>\n\t\t\t\t<\/div>\n\t\t\t\t\t<\/div>\n\t\t\t\t<\/div>\n\t\t<div class=\"elementor-element elementor-element-f6165ff e-flex e-con-boxed e-con e-parent\" data-id=\"f6165ff\" data-element_type=\"container\">\n\t\t\t\t\t<div class=\"e-con-inner\">\n\t\t\t\t<div class=\"elementor-element elementor-element-1c90ddb elementor-widget-divider--view-line elementor-widget elementor-widget-divider\" data-id=\"1c90ddb\" data-element_type=\"widget\" data-widget_type=\"divider.default\">\n\t\t\t\t<div class=\"elementor-widget-container\">\n\t\t\t\t\t\t\t<div class=\"elementor-divider\">\n\t\t\t<span class=\"elementor-divider-separator\">\n\t\t\t\t\t\t<\/span>\n\t\t<\/div>\n\t\t\t\t\t\t<\/div>\n\t\t\t\t<\/div>\n\t\t\t\t\t<\/div>\n\t\t\t\t<\/div>\n\t\t<div class=\"elementor-element elementor-element-5c467d4 e-flex e-con-boxed e-con e-parent\" data-id=\"5c467d4\" data-element_type=\"container\">\n\t\t\t\t\t<div class=\"e-con-inner\">\n\t\t<div class=\"elementor-element elementor-element-15ebecc e-con-full e-flex e-con e-child\" data-id=\"15ebecc\" data-element_type=\"container\">\n\t\t<div class=\"elementor-element elementor-element-c5a8cd8 e-con-full e-flex e-con e-child\" data-id=\"c5a8cd8\" data-element_type=\"container\">\n\t\t\t\t<div class=\"elementor-element elementor-element-da46f21 elementor-widget elementor-widget-heading\" data-id=\"da46f21\" data-element_type=\"widget\" data-widget_type=\"heading.default\">\n\t\t\t\t<div class=\"elementor-widget-container\">\n\t\t\t\t\t<h2 class=\"elementor-heading-title elementor-size-default\"><a href=\"https:\/\/carilloncapital.net\/index.php\/projets\/\">Collection 1<\/a><\/h2>\t\t\t\t<\/div>\n\t\t\t\t<\/div>\n\t\t\t\t<\/div>\n\t\t<div class=\"elementor-element elementor-element-718274d e-con-full e-flex e-con e-child\" data-id=\"718274d\" data-element_type=\"container\">\n\t\t\t\t<div class=\"elementor-element elementor-element-4122efd elementor-widget elementor-widget-text-editor\" data-id=\"4122efd\" data-element_type=\"widget\" data-widget_type=\"text-editor.default\">\n\t\t\t\t<div class=\"elementor-widget-container\">\n\t\t\t\t\t\t\t\t\t<ul><li>4 Proprieties\u00a0<\/li><li>Location : France Riviera, Suisse Alpes<\/li><\/ul>\t\t\t\t\t\t\t\t<\/div>\n\t\t\t\t<\/div>\n\t\t\t\t<\/div>\n\t\t<div class=\"elementor-element elementor-element-78cb349 e-con-full e-flex e-con e-child\" data-id=\"78cb349\" data-element_type=\"container\" data-settings=\"{&quot;background_background&quot;:&quot;slideshow&quot;,&quot;background_slideshow_gallery&quot;:[],&quot;background_slideshow_loop&quot;:&quot;yes&quot;,&quot;background_slideshow_slide_duration&quot;:5000,&quot;background_slideshow_slide_transition&quot;:&quot;fade&quot;,&quot;background_slideshow_transition_duration&quot;:500}\">\n\t\t\t\t<div class=\"elementor-element elementor-element-c32e01f elementor-align-center elementor-widget elementor-widget-button\" data-id=\"c32e01f\" data-element_type=\"widget\" data-widget_type=\"button.default\">\n\t\t\t\t<div class=\"elementor-widget-container\">\n\t\t\t\t\t\t\t\t\t<div class=\"elementor-button-wrapper\">\n\t\t\t\t\t<a class=\"elementor-button elementor-button-link elementor-size-md\" href=\"https:\/\/carilloncapital.net\/index.php\/collection-1\/\">\n\t\t\t\t\t\t<span class=\"elementor-button-content-wrapper\">\n\t\t\t\t\t\t\t\t\t<span class=\"elementor-button-text\">D\u00e9couvrez plus<\/span>\n\t\t\t\t\t<\/span>\n\t\t\t\t\t<\/a>\n\t\t\t\t<\/div>\n\t\t\t\t\t\t\t\t<\/div>\n\t\t\t\t<\/div>\n\t\t\t\t<\/div>\n\t\t\t\t<\/div>\n\t\t<div class=\"elementor-element elementor-element-8ae7f13 e-con-full e-flex e-con e-child\" data-id=\"8ae7f13\" data-element_type=\"container\">\n\t\t\t\t<div class=\"elementor-element elementor-element-21c2318 elementor-widget elementor-widget-wpzoom-elementor-addons-slider\" data-id=\"21c2318\" data-element_type=\"widget\" data-settings=\"{&quot;autoplay_speed&quot;:2000,&quot;navigation&quot;:&quot;none&quot;,&quot;animation_speed&quot;:200,&quot;slides_to_show&quot;:&quot;1&quot;,&quot;autoplay&quot;:&quot;yes&quot;,&quot;slides_to_show_tablet&quot;:1,&quot;slides_to_show_mobile&quot;:1}\" data-widget_type=\"wpzoom-elementor-addons-slider.default\">\n\t\t\t\t<div class=\"elementor-widget-container\">\n\t\t\t\t\t<div class=\"wpzjs-slick wpz-slick wpz-slick--slider\">\n\n\t\t\t\n\t\t\t\t<div class=\"wpz-slick-slide\">\n\n\t\t\t\t\t<div class=\"wpz-slick-item\">\n\n\t\t\t\t\t\t\t\t\t\t\t\t\t<img decoding=\"async\" class=\"wpz-slick-img\" src=\"https:\/\/carilloncapital.net\/wp-content\/uploads\/2024\/12\/1-CHALET-ETOILE-DU-NRD-1124x800.webp\" alt=\"\">\n\t\t\t\t\t\t\n\t\t\t\t\t\t\n\t\t\t\t\t\t\n\t\t\t\t\t<\/div>\n\n\t\t\t\t<\/div>\n\n\t\t\t\n\t\t\t\t<div class=\"wpz-slick-slide\">\n\n\t\t\t\t\t<a class=\"wpz-slick-item\" href=\"https:\/\/carilloncapital.net\/index.php\/projets\/\">\n\n\t\t\t\t\t\t\t\t\t\t\t\t\t<img decoding=\"async\" class=\"wpz-slick-img\" src=\"https:\/\/carilloncapital.net\/wp-content\/uploads\/2024\/12\/1-VILLA-LILOU.webp\" alt=\"\">\n\t\t\t\t\t\t\n\t\t\t\t\t\t\n\t\t\t\t\t\t\n\t\t\t\t\t<\/a>\n\n\t\t\t\t<\/div>\n\n\t\t\t\n\t\t<\/div>\n\n\t\t\n\t\t\n\t\t\t\t\t\t<\/div>\n\t\t\t\t<\/div>\n\t\t\t\t<\/div>\n\t\t\t\t\t<\/div>\n\t\t\t\t<\/div>\n\t\t<div class=\"elementor-element elementor-element-822818f e-flex e-con-boxed e-con e-parent\" data-id=\"822818f\" data-element_type=\"container\">\n\t\t\t\t\t<div class=\"e-con-inner\">\n\t\t\t\t<div class=\"elementor-element elementor-element-a877be9 elementor-widget elementor-widget-text-editor\" data-id=\"a877be9\" data-element_type=\"widget\" data-widget_type=\"text-editor.default\">\n\t\t\t\t<div class=\"elementor-widget-container\">\n\t\t\t\t\t\t\t\t\t<p class=\"\" data-start=\"275\" data-end=\"446\">Une opportunit\u00e9 rare d\u2019investir dans une collection exclusive compos\u00e9e de deux chalets de prestige en montagne et de deux villas contemporaines en bord de mer. Chaque bien a \u00e9t\u00e9 s\u00e9lectionn\u00e9 pour son emplacement strat\u00e9gique, son architecture haut de gamme et son potentiel de rendement locatif \u00e9lev\u00e9. Cette collection diversifie intelligemment votre portefeuille entre montagne et littoral, tout en garantissant une valeur patrimoniale solide et une rentabilit\u00e9 durable.<\/p>\t\t\t\t\t\t\t\t<\/div>\n\t\t\t\t<\/div>\n\t\t\t\t\t<\/div>\n\t\t\t\t<\/div>\n\t\t<div class=\"elementor-element elementor-element-04c0d1c e-flex e-con-boxed e-con e-parent\" data-id=\"04c0d1c\" data-element_type=\"container\">\n\t\t\t\t\t<div class=\"e-con-inner\">\n\t\t\t\t<div class=\"elementor-element elementor-element-3f765a2 elementor-widget-divider--view-line elementor-widget elementor-widget-divider\" data-id=\"3f765a2\" data-element_type=\"widget\" data-widget_type=\"divider.default\">\n\t\t\t\t<div class=\"elementor-widget-container\">\n\t\t\t\t\t\t\t<div class=\"elementor-divider\">\n\t\t\t<span class=\"elementor-divider-separator\">\n\t\t\t\t\t\t<\/span>\n\t\t<\/div>\n\t\t\t\t\t\t<\/div>\n\t\t\t\t<\/div>\n\t\t\t\t\t<\/div>\n\t\t\t\t<\/div>\n\t\t<div class=\"elementor-element elementor-element-5baeb40 e-flex e-con-boxed e-con e-parent\" data-id=\"5baeb40\" data-element_type=\"container\">\n\t\t\t\t\t<div class=\"e-con-inner\">\n\t\t<div class=\"elementor-element elementor-element-e7d9e8a e-con-full e-flex e-con e-child\" data-id=\"e7d9e8a\" data-element_type=\"container\">\n\t\t<div class=\"elementor-element elementor-element-f732149 e-con-full e-flex e-con e-child\" data-id=\"f732149\" data-element_type=\"container\">\n\t\t\t\t<div class=\"elementor-element elementor-element-c329eba elementor-widget elementor-widget-heading\" data-id=\"c329eba\" data-element_type=\"widget\" data-widget_type=\"heading.default\">\n\t\t\t\t<div class=\"elementor-widget-container\">\n\t\t\t\t\t<h2 class=\"elementor-heading-title elementor-size-default\"><a href=\"https:\/\/carilloncapital.net\/index.php\/projets\/\">Collection 2<\/a><\/h2>\t\t\t\t<\/div>\n\t\t\t\t<\/div>\n\t\t\t\t<\/div>\n\t\t<div class=\"elementor-element elementor-element-7998929 e-con-full e-flex e-con e-child\" data-id=\"7998929\" data-element_type=\"container\">\n\t\t\t\t<div class=\"elementor-element elementor-element-c072c0f elementor-widget elementor-widget-text-editor\" data-id=\"c072c0f\" data-element_type=\"widget\" data-widget_type=\"text-editor.default\">\n\t\t\t\t<div class=\"elementor-widget-container\">\n\t\t\t\t\t\t\t\t\t<ul><li>6 Properties<\/li><li>Location : Espagne Bal\u00e9ares, France Apes, Suisse Alpes<\/li><\/ul>\t\t\t\t\t\t\t\t<\/div>\n\t\t\t\t<\/div>\n\t\t\t\t<\/div>\n\t\t<div class=\"elementor-element elementor-element-1c47ef4 e-con-full e-flex e-con e-child\" data-id=\"1c47ef4\" data-element_type=\"container\" data-settings=\"{&quot;background_background&quot;:&quot;slideshow&quot;,&quot;background_slideshow_gallery&quot;:[],&quot;background_slideshow_loop&quot;:&quot;yes&quot;,&quot;background_slideshow_slide_duration&quot;:5000,&quot;background_slideshow_slide_transition&quot;:&quot;fade&quot;,&quot;background_slideshow_transition_duration&quot;:500}\">\n\t\t\t\t<div class=\"elementor-element elementor-element-230a51f elementor-align-center elementor-widget elementor-widget-button\" data-id=\"230a51f\" data-element_type=\"widget\" data-widget_type=\"button.default\">\n\t\t\t\t<div class=\"elementor-widget-container\">\n\t\t\t\t\t\t\t\t\t<div class=\"elementor-button-wrapper\">\n\t\t\t\t\t<a class=\"elementor-button elementor-button-link elementor-size-md\" href=\"https:\/\/carilloncapital.net\/index.php\/collection-1\/\">\n\t\t\t\t\t\t<span class=\"elementor-button-content-wrapper\">\n\t\t\t\t\t\t\t\t\t<span class=\"elementor-button-text\">D\u00e9couvrez plus<\/span>\n\t\t\t\t\t<\/span>\n\t\t\t\t\t<\/a>\n\t\t\t\t<\/div>\n\t\t\t\t\t\t\t\t<\/div>\n\t\t\t\t<\/div>\n\t\t\t\t<\/div>\n\t\t\t\t<\/div>\n\t\t<div class=\"elementor-element elementor-element-1527dc5 e-con-full e-flex e-con e-child\" data-id=\"1527dc5\" data-element_type=\"container\">\n\t\t\t\t<div class=\"elementor-element elementor-element-0382ee6 elementor-widget elementor-widget-wpzoom-elementor-addons-slider\" data-id=\"0382ee6\" data-element_type=\"widget\" data-settings=\"{&quot;autoplay_speed&quot;:2000,&quot;navigation&quot;:&quot;none&quot;,&quot;animation_speed&quot;:200,&quot;slides_to_show&quot;:&quot;1&quot;,&quot;autoplay&quot;:&quot;yes&quot;,&quot;slides_to_show_tablet&quot;:1,&quot;slides_to_show_mobile&quot;:1}\" data-widget_type=\"wpzoom-elementor-addons-slider.default\">\n\t\t\t\t<div class=\"elementor-widget-container\">\n\t\t\t\t\t<div class=\"wpzjs-slick wpz-slick wpz-slick--slider\">\n\n\t\t\t\n\t\t\t\t<div class=\"wpz-slick-slide\">\n\n\t\t\t\t\t<div class=\"wpz-slick-item\">\n\n\t\t\t\t\t\t\t\t\t\t\t\t\t<img decoding=\"async\" class=\"wpz-slick-img\" src=\"https:\/\/carilloncapital.net\/wp-content\/uploads\/2024\/12\/1-VILLA-ELOISE-1124x800.webp\" alt=\"\">\n\t\t\t\t\t\t\n\t\t\t\t\t\t\n\t\t\t\t\t\t\n\t\t\t\t\t<\/div>\n\n\t\t\t\t<\/div>\n\n\t\t\t\n\t\t\t\t<div class=\"wpz-slick-slide\">\n\n\t\t\t\t\t<div class=\"wpz-slick-item\">\n\n\t\t\t\t\t\t\t\t\t\t\t\t\t<img decoding=\"async\" class=\"wpz-slick-img\" src=\"https:\/\/carilloncapital.net\/wp-content\/uploads\/2024\/12\/2-VILLA-ELOISE.jpg\" alt=\"\">\n\t\t\t\t\t\t\n\t\t\t\t\t\t\n\t\t\t\t\t\t\n\t\t\t\t\t<\/div>\n\n\t\t\t\t<\/div>\n\n\t\t\t\n\t\t\t\t<div class=\"wpz-slick-slide\">\n\n\t\t\t\t\t<div class=\"wpz-slick-item\">\n\n\t\t\t\t\t\t\t\t\t\t\t\t\t<img decoding=\"async\" class=\"wpz-slick-img\" src=\"https:\/\/carilloncapital.net\/wp-content\/uploads\/2024\/11\/Chalets-scaled.jpg\" alt=\"\">\n\t\t\t\t\t\t\n\t\t\t\t\t\t\n\t\t\t\t\t\t\n\t\t\t\t\t<\/div>\n\n\t\t\t\t<\/div>\n\n\t\t\t\n\t\t<\/div>\n\n\t\t\n\t\t\n\t\t\t\t\t\t<\/div>\n\t\t\t\t<\/div>\n\t\t\t\t<\/div>\n\t\t\t\t\t<\/div>\n\t\t\t\t<\/div>\n\t\t<div class=\"elementor-element elementor-element-ea77980 e-flex e-con-boxed e-con e-parent\" data-id=\"ea77980\" data-element_type=\"container\">\n\t\t\t\t\t<div class=\"e-con-inner\">\n\t\t\t\t<div class=\"elementor-element elementor-element-77ecf08 elementor-widget elementor-widget-text-editor\" data-id=\"77ecf08\" data-element_type=\"widget\" data-widget_type=\"text-editor.default\">\n\t\t\t\t<div class=\"elementor-widget-container\">\n\t\t\t\t\t\t\t\t\t<p>Une opportunit\u00e9 rare d\u2019investir dans une collection exclusive compos\u00e9e de deux chalets de prestige en montagne et de deux villas contemporaines en bord de mer. Chaque bien a \u00e9t\u00e9 s\u00e9lectionn\u00e9 pour son emplacement strat\u00e9gique, son architecture haut de gamme et son potentiel de rendement locatif \u00e9lev\u00e9. Cette collection diversifie intelligemment votre portefeuille entre montagne et littoral, tout en garantissant une valeur patrimoniale solide et une rentabilit\u00e9 durable.<\/p>\t\t\t\t\t\t\t\t<\/div>\n\t\t\t\t<\/div>\n\t\t\t\t\t<\/div>\n\t\t\t\t<\/div>\n\t\t<div class=\"elementor-element elementor-element-4832a98 e-flex e-con-boxed e-con e-parent\" data-id=\"4832a98\" data-element_type=\"container\">\n\t\t\t\t\t<div class=\"e-con-inner\">\n\t\t\t\t<div class=\"elementor-element elementor-element-b785e78 elementor-widget-divider--view-line elementor-widget elementor-widget-divider\" data-id=\"b785e78\" data-element_type=\"widget\" data-widget_type=\"divider.default\">\n\t\t\t\t<div class=\"elementor-widget-container\">\n\t\t\t\t\t\t\t<div class=\"elementor-divider\">\n\t\t\t<span class=\"elementor-divider-separator\">\n\t\t\t\t\t\t<\/span>\n\t\t<\/div>\n\t\t\t\t\t\t<\/div>\n\t\t\t\t<\/div>\n\t\t\t\t\t<\/div>\n\t\t\t\t<\/div>\n\t\t<div class=\"elementor-element elementor-element-40162b7 e-flex e-con-boxed e-con e-parent\" data-id=\"40162b7\" data-element_type=\"container\">\n\t\t\t\t\t<div class=\"e-con-inner\">\n\t\t<div class=\"elementor-element elementor-element-f8d1ee2 e-con-full e-flex e-con e-child\" data-id=\"f8d1ee2\" data-element_type=\"container\" data-settings=\"{&quot;background_background&quot;:&quot;slideshow&quot;,&quot;background_slideshow_gallery&quot;:[],&quot;background_slideshow_loop&quot;:&quot;yes&quot;,&quot;background_slideshow_slide_duration&quot;:5000,&quot;background_slideshow_slide_transition&quot;:&quot;fade&quot;,&quot;background_slideshow_transition_duration&quot;:500}\">\n\t\t\t\t<div class=\"elementor-element elementor-element-193b9a8 elementor-align-center elementor-widget elementor-widget-button\" data-id=\"193b9a8\" data-element_type=\"widget\" data-widget_type=\"button.default\">\n\t\t\t\t<div class=\"elementor-widget-container\">\n\t\t\t\t\t\t\t\t\t<div class=\"elementor-button-wrapper\">\n\t\t\t\t\t<a class=\"elementor-button elementor-button-link elementor-size-md\" href=\"https:\/\/carilloncapital.net\/index.php\/portfolio-elementor\/#investin\">\n\t\t\t\t\t\t<span class=\"elementor-button-content-wrapper\">\n\t\t\t\t\t\t\t\t\t<span class=\"elementor-button-text\">Retournez sur investissements<\/span>\n\t\t\t\t\t<\/span>\n\t\t\t\t\t<\/a>\n\t\t\t\t<\/div>\n\t\t\t\t\t\t\t\t<\/div>\n\t\t\t\t<\/div>\n\t\t\t\t<\/div>\n\t\t\t\t\t<\/div>\n\t\t\t\t<\/div>\n\t\t<div class=\"elementor-element elementor-element-a3465e7 e-flex e-con-boxed e-con e-parent\" data-id=\"a3465e7\" data-element_type=\"container\">\n\t\t\t\t\t<div class=\"e-con-inner\">\n\t\t\t\t<div class=\"elementor-element elementor-element-cd68dad elementor-widget-divider--view-line elementor-widget elementor-widget-divider\" data-id=\"cd68dad\" data-element_type=\"widget\" data-widget_type=\"divider.default\">\n\t\t\t\t<div class=\"elementor-widget-container\">\n\t\t\t\t\t\t\t<div class=\"elementor-divider\">\n\t\t\t<span class=\"elementor-divider-separator\">\n\t\t\t\t\t\t<\/span>\n\t\t<\/div>\n\t\t\t\t\t\t<\/div>\n\t\t\t\t<\/div>\n\t\t\t\t\t<\/div>\n\t\t\t\t<\/div>\n\t\t<div class=\"elementor-element elementor-element-6829715 e-flex e-con-boxed e-con e-parent\" data-id=\"6829715\" data-element_type=\"container\" data-settings=\"{&quot;background_background&quot;:&quot;classic&quot;}\">\n\t\t\t\t\t<div class=\"e-con-inner\">\n\t\t<div class=\"elementor-element elementor-element-0137312 e-con-full e-flex e-con e-child\" data-id=\"0137312\" data-element_type=\"container\">\n\t\t\t\t<div class=\"elementor-element elementor-element-48f40a4 elementor-widget elementor-widget-heading\" data-id=\"48f40a4\" data-element_type=\"widget\" data-widget_type=\"heading.default\">\n\t\t\t\t<div class=\"elementor-widget-container\">\n\t\t\t\t\t<h2 class=\"elementor-heading-title elementor-size-default\">Posez votre question<\/h2>\t\t\t\t<\/div>\n\t\t\t\t<\/div>\n\t\t\t\t<\/div>\n\t\t<div class=\"elementor-element elementor-element-0cc9c31 e-con-full e-flex e-con e-child\" data-id=\"0cc9c31\" data-element_type=\"container\">\n\t\t\t\t<div class=\"elementor-element elementor-element-42ef7d0 elementor-widget elementor-widget-heading\" data-id=\"42ef7d0\" data-element_type=\"widget\" data-widget_type=\"heading.default\">\n\t\t\t\t<div class=\"elementor-widget-container\">\n\t\t\t\t\t<h2 class=\"elementor-heading-title elementor-size-default\">Notre sp\u00e9cialiste vous r\u00e9pond <\/h2>\t\t\t\t<\/div>\n\t\t\t\t<\/div>\n\t\t\t\t<\/div>\n\t\t<div class=\"elementor-element elementor-element-46c53ab e-con-full e-flex e-con e-child\" data-id=\"46c53ab\" data-element_type=\"container\">\n\t\t\t\t<div class=\"elementor-element elementor-element-7f0a0ec elementor-align-center elementor-widget elementor-widget-button\" data-id=\"7f0a0ec\" data-element_type=\"widget\" data-widget_type=\"button.default\">\n\t\t\t\t<div class=\"elementor-widget-container\">\n\t\t\t\t\t\t\t\t\t<div class=\"elementor-button-wrapper\">\n\t\t\t\t\t<a class=\"elementor-button elementor-button-link elementor-size-md\" href=\"#\">\n\t\t\t\t\t\t<span class=\"elementor-button-content-wrapper\">\n\t\t\t\t\t\t\t\t\t<span class=\"elementor-button-text\">Contactez-nous<\/span>\n\t\t\t\t\t<\/span>\n\t\t\t\t\t<\/a>\n\t\t\t\t<\/div>\n\t\t\t\t\t\t\t\t<\/div>\n\t\t\t\t<\/div>\n\t\t\t\t<\/div>\n\t\t\t\t\t<\/div>\n\t\t\t\t<\/div>\n\t\t<div class=\"elementor-element elementor-element-84aa50b elementor-hidden-tablet elementor-hidden-mobile e-flex e-con-boxed e-con e-parent\" data-id=\"84aa50b\" data-element_type=\"container\" data-settings=\"{&quot;background_background&quot;:&quot;classic&quot;}\">\n\t\t\t\t\t<div class=\"e-con-inner\">\n\t\t\t\t<div class=\"elementor-element elementor-element-1732fdf elementor-widget-divider--view-line elementor-widget elementor-widget-divider\" data-id=\"1732fdf\" data-element_type=\"widget\" data-widget_type=\"divider.default\">\n\t\t\t\t<div class=\"elementor-widget-container\">\n\t\t\t\t\t\t\t<div class=\"elementor-divider\">\n\t\t\t<span class=\"elementor-divider-separator\">\n\t\t\t\t\t\t<\/span>\n\t\t<\/div>\n\t\t\t\t\t\t<\/div>\n\t\t\t\t<\/div>\n\t\t\t\t\t<\/div>\n\t\t\t\t<\/div>\n\t\t\t\t<\/div>\n\t\t","protected":false},"excerpt":{"rendered":"<p>Nos Collections Nous proposons une s\u00e9lection exclusive de biens immobiliers de luxe, situ\u00e9s dans les zones les plus dynamiques du march\u00e9 haut de gamme : stations baln\u00e9aires \u00e0 fort potentiel locatif et stations de ski pris\u00e9es \u00e0 l\u2019ann\u00e9e. Collection 1 4 Proprieties\u00a0 Location : France Riviera, Suisse Alpes D\u00e9couvrez plus Une opportunit\u00e9 rare d\u2019investir dans une collection exclusive compos\u00e9e de deux chalets de prestige en montagne et de deux villas contemporaines en bord de mer. [&hellip;]<\/p>\n","protected":false},"author":1,"featured_media":0,"parent":0,"menu_order":0,"comment_status":"closed","ping_status":"closed","template":"page-templates\/full-width-builder-bb.php","meta":{"inspiro_page_layout":"narrow","inspiro_hide_title":false,"footnotes":""},"class_list":["post-9402","page","type-page","status-publish","hentry"],"featured_media_urls":[],"_links":{"self":[{"href":"https:\/\/carilloncapital.net\/index.php\/wp-json\/wp\/v2\/pages\/9402","targetHints":{"allow":["GET"]}}],"collection":[{"href":"https:\/\/carilloncapital.net\/index.php\/wp-json\/wp\/v2\/pages"}],"about":[{"href":"https:\/\/carilloncapital.net\/index.php\/wp-json\/wp\/v2\/types\/page"}],"author":[{"embeddable":true,"href":"https:\/\/carilloncapital.net\/index.php\/wp-json\/wp\/v2\/users\/1"}],"replies":[{"embeddable":true,"href":"https:\/\/carilloncapital.net\/index.php\/wp-json\/wp\/v2\/comments?post=9402"}],"version-history":[{"count":241,"href":"https:\/\/carilloncapital.net\/index.php\/wp-json\/wp\/v2\/pages\/9402\/revisions"}],"predecessor-version":[{"id":15064,"href":"https:\/\/carilloncapital.net\/index.php\/wp-json\/wp\/v2\/pages\/9402\/revisions\/15064"}],"wp:attachment":[{"href":"https:\/\/carilloncapital.net\/index.php\/wp-json\/wp\/v2\/media?parent=9402"}],"curies":[{"name":"wp","href":"https:\/\/api.w.org\/{rel}","templated":true}]}}